{"id":2657,"date":"2026-04-03T11:45:13","date_gmt":"2026-04-03T11:45:13","guid":{"rendered":"https:\/\/ciae.webs.upv.es\/?page_id=2657"},"modified":"2026-04-03T11:45:13","modified_gmt":"2026-04-03T11:45:13","slug":"mitigacion-al-cambio-climatico-beniarjo","status":"publish","type":"page","link":"https:\/\/ciae.webs.upv.es\/index.php\/mitigacion-al-cambio-climatico-beniarjo\/","title":{"rendered":"Mitigaci\u00f3n al cambio clim\u00e1tico: Beniarj\u00f3"},"content":{"rendered":"","protected":false},"excerpt":{"rendered":"","protected":false},"author":2,"featured_media":0,"parent":0,"menu_order":0,"comment_status":"closed","ping_status":"closed","template":"","meta":{"footnotes":""},"class_list":["post-2657","page","type-page","status-publish","hentry"],"_links":{"self":[{"href":"https:\/\/ciae.webs.upv.es\/index.php\/wp-json\/wp\/v2\/pages\/2657","targetHints":{"allow":["GET"]}}],"collection":[{"href":"https:\/\/ciae.webs.upv.es\/index.php\/wp-json\/wp\/v2\/pages"}],"about":[{"href":"https:\/\/ciae.webs.upv.es\/index.php\/wp-json\/wp\/v2\/types\/page"}],"author":[{"embeddable":true,"href":"https:\/\/ciae.webs.upv.es\/index.php\/wp-json\/wp\/v2\/users\/2"}],"replies":[{"embeddable":true,"href":"https:\/\/ciae.webs.upv.es\/index.php\/wp-json\/wp\/v2\/comments?post=2657"}],"version-history":[{"count":1,"href":"https:\/\/ciae.webs.upv.es\/index.php\/wp-json\/wp\/v2\/pages\/2657\/revisions"}],"predecessor-version":[{"id":2658,"href":"https:\/\/ciae.webs.upv.es\/index.php\/wp-json\/wp\/v2\/pages\/2657\/revisions\/2658"}],"wp:attachment":[{"href":"https:\/\/ciae.webs.upv.es\/index.php\/wp-json\/wp\/v2\/media?parent=2657"}],"curies":[{"name":"wp","href":"https:\/\/api.w.org\/{rel}","templated":true}]}}